{"id":4863,"date":"2023-10-05T02:02:39","date_gmt":"2023-10-05T02:02:39","guid":{"rendered":"https:\/\/inticatering.nl\/servicios\/"},"modified":"2026-04-20T12:03:49","modified_gmt":"2026-04-20T12:03:49","slug":"servicios","status":"publish","type":"page","link":"https:\/\/inticatering.nl\/es\/servicios\/","title":{"rendered":"Servicios"},"content":{"rendered":"\t\t<div data-elementor-type=\"wp-page\" data-elementor-id=\"4863\" class=\"elementor elementor-4863 elementor-26\" data-elementor-post-type=\"page\">\n\t\t\t\t<div class=\"elementor-element elementor-element-c4b1f62 e-flex e-con-boxed e-con e-parent\" data-id=\"c4b1f62\" data-element_type=\"container\" data-e-type=\"container\">\n\t\t\t\t\t<div class=\"e-con-inner\">\n\t\t\t\t<div class=\"elementor-element elementor-element-fa89a61 elementor-widget__width-initial elementor-widget-mobile__width-inherit elementor-widget elementor-widget-text-editor\" data-id=\"fa89a61\" data-element_type=\"widget\" data-e-type=\"widget\" data-widget_type=\"text-editor.default\">\n\t\t\t\t\t\t\t\t\tCatering peruano aut\u00e9ntico de servicio completo para eventos corporativos, bodas y fiestas privadas. Ofrecemos sabores intensos, presentaci\u00f3n elegante, personal profesional y equipo de alquiler. Opciones vegetarianas, veganas y sin gluten siempre disponibles.  \t\t\t\t\t\t\t\t<\/div>\n\t\t\t\t\t<\/div>\n\t\t\t\t<\/div>\n\t\t<div class=\"elementor-element elementor-element-4b8556e e-flex e-con-boxed e-con e-parent\" data-id=\"4b8556e\" data-element_type=\"container\" data-e-type=\"container\" data-settings=\"{&quot;background_background&quot;:&quot;classic&quot;}\">\n\t\t\t\t\t<div class=\"e-con-inner\">\n\t\t\t\t<div class=\"elementor-element elementor-element-d8afe75 elementor-align-center heading-icon-effects-yes subtitle-position-above elementor-widget elementor-widget-heading\" data-id=\"d8afe75\" data-element_type=\"widget\" data-e-type=\"widget\" data-widget_type=\"heading.default\">\n\t\t\t\t<div class=\"elementor-widget-container\">\n\t\t\t\t\t<div class=\"elementor-heading-wrapper-inner\"><h2 class=\"elementor-heading-title elementor-size-xxl\">Sencillo, personal y delicioso<\/h2><div class=\"elementor-sub-title\">our work process<\/div><\/div>\t\t\t\t<\/div>\n\t\t\t\t<\/div>\n\t\t<div class=\"elementor-element elementor-element-0058916 e-flex e-con-boxed e-con e-child\" data-id=\"0058916\" data-element_type=\"container\" data-e-type=\"container\">\n\t\t\t\t\t<div class=\"e-con-inner\">\n\t\t<div class=\"elementor-element elementor-element-813f9d2 e-con-full e-flex e-con e-child\" data-id=\"813f9d2\" data-element_type=\"container\" data-e-type=\"container\">\n\t\t<div class=\"elementor-element elementor-element-cf17f3a e-con-full e-flex e-con e-child\" data-id=\"cf17f3a\" data-element_type=\"container\" data-e-type=\"container\">\n\t\t\t\t<div class=\"elementor-element elementor-element-dd28d1a icon-box-style-2 elementor-widget elementor-widget-catera-icon-box\" data-id=\"dd28d1a\" data-element_type=\"widget\" data-e-type=\"widget\" data-widget_type=\"catera-icon-box.default\">\n\t\t\t\t<div class=\"elementor-widget-container\">\n\t\t\t\t\t        <div class=\"number-icon-box\">\n            <div class=\"number\">\n                                    <span class=\"icon-box-number-icon-box\">01<\/span>\n                            <\/div>\n        <\/div>\n        <div class=\"elementor-icon-box-wrapper\">\n\n                <div class=\"elementor-icon-box-content\">\n        <div class=\"title-content\">\n        <h3 class=\"elementor-icon-box-title\">\n        <span  >\n        Comparte la visi\u00f3n de tu evento        <\/span>\n        <\/h3>\n                    <p class=\"elementor-icon-box-description\">\n                Cu\u00e9ntanos sobre tu reuni\u00f3n corporativa, boda o fiesta privada \u2013 fecha, n\u00famero de invitados y cualquier petici\u00f3n especial.            <\/p>\n                <\/div>\n        <\/div>\n        <\/div>\n        \t\t\t\t<\/div>\n\t\t\t\t<\/div>\n\t\t\t\t<\/div>\n\t\t<div class=\"elementor-element elementor-element-c1562c0 e-con-full e-flex e-con e-child\" data-id=\"c1562c0\" data-element_type=\"container\" data-e-type=\"container\">\n\t\t\t\t<div class=\"elementor-element elementor-element-8cf3c0a icon-box-style-2 elementor-widget elementor-widget-catera-icon-box\" data-id=\"8cf3c0a\" data-element_type=\"widget\" data-e-type=\"widget\" data-widget_type=\"catera-icon-box.default\">\n\t\t\t\t<div class=\"elementor-widget-container\">\n\t\t\t\t\t        <div class=\"number-icon-box\">\n            <div class=\"number\">\n                                    <span class=\"icon-box-number-icon-box\">02<\/span>\n                            <\/div>\n        <\/div>\n        <div class=\"elementor-icon-box-wrapper\">\n\n                <div class=\"elementor-icon-box-content\">\n        <div class=\"title-content\">\n        <h3 class=\"elementor-icon-box-title\">\n        <span  >\n        Personaliza tu men\u00fa peruano        <\/span>\n        <\/h3>\n                    <p class=\"elementor-icon-box-description\">\n                Te ayudamos a elegir entre nuestros platos aut\u00e9nticos (Ceviche, Lomo Saltado, Aj\u00ed de Gallina, etc.) y los adaptamos a necesidades diet\u00e9ticas.            <\/p>\n                <\/div>\n        <\/div>\n        <\/div>\n        \t\t\t\t<\/div>\n\t\t\t\t<\/div>\n\t\t\t\t<\/div>\n\t\t<div class=\"elementor-element elementor-element-c6a4be5 e-con-full e-flex e-con e-child\" data-id=\"c6a4be5\" data-element_type=\"container\" data-e-type=\"container\">\n\t\t\t\t<div class=\"elementor-element elementor-element-8d2749e icon-box-style-2 elementor-widget elementor-widget-catera-icon-box\" data-id=\"8d2749e\" data-element_type=\"widget\" data-e-type=\"widget\" data-widget_type=\"catera-icon-box.default\">\n\t\t\t\t<div class=\"elementor-widget-container\">\n\t\t\t\t\t        <div class=\"number-icon-box\">\n            <div class=\"number\">\n                                    <span class=\"icon-box-number-icon-box\">03<\/span>\n                            <\/div>\n        <\/div>\n        <div class=\"elementor-icon-box-wrapper\">\n\n                <div class=\"elementor-icon-box-content\">\n        <div class=\"title-content\">\n        <h3 class=\"elementor-icon-box-title\">\n        <span  >\n        Conoce a tu chef de evento        <\/span>\n        <\/h3>\n                    <p class=\"elementor-icon-box-description\">\n                Hablar\u00e1s directamente con la chef Rosa o con un coordinador dedicado para ajustar cada detalle \u2013 sin intermediarios.            <\/p>\n                <\/div>\n        <\/div>\n        <\/div>\n        \t\t\t\t<\/div>\n\t\t\t\t<\/div>\n\t\t\t\t<\/div>\n\t\t\t\t<\/div>\n\t\t<div class=\"elementor-element elementor-element-f2e012e e-con-full e-flex e-con e-child\" data-id=\"f2e012e\" data-element_type=\"container\" data-e-type=\"container\">\n\t\t<div class=\"elementor-element elementor-element-5be29f4 e-con-full e-flex e-con e-child\" data-id=\"5be29f4\" data-element_type=\"container\" data-e-type=\"container\">\n\t\t\t\t<div class=\"elementor-element elementor-element-b85743b icon-box-style-2 elementor-widget elementor-widget-catera-icon-box\" data-id=\"b85743b\" data-element_type=\"widget\" data-e-type=\"widget\" data-widget_type=\"catera-icon-box.default\">\n\t\t\t\t<div class=\"elementor-widget-container\">\n\t\t\t\t\t        <div class=\"number-icon-box\">\n            <div class=\"number\">\n                                    <span class=\"icon-box-number-icon-box\">04<\/span>\n                            <\/div>\n        <\/div>\n        <div class=\"elementor-icon-box-wrapper\">\n\n                <div class=\"elementor-icon-box-content\">\n        <div class=\"title-content\">\n        <h3 class=\"elementor-icon-box-title\">\n        <span  >\n        Degusta y finaliza        <\/span>\n        <\/h3>\n                    <p class=\"elementor-icon-box-description\">\n                Ven a degustar tus platos seleccionados. Ajustaremos sabores y presentaci\u00f3n hasta que todo sea perfecto para tu gran d\u00eda.             <\/p>\n                <\/div>\n        <\/div>\n        <\/div>\n        \t\t\t\t<\/div>\n\t\t\t\t<\/div>\n\t\t\t\t<\/div>\n\t\t<div class=\"elementor-element elementor-element-3a4f3f4 e-con-full e-flex e-con e-child\" data-id=\"3a4f3f4\" data-element_type=\"container\" data-e-type=\"container\">\n\t\t\t\t<div class=\"elementor-element elementor-element-a109299 icon-box-style-2 elementor-widget elementor-widget-catera-icon-box\" data-id=\"a109299\" data-element_type=\"widget\" data-e-type=\"widget\" data-widget_type=\"catera-icon-box.default\">\n\t\t\t\t<div class=\"elementor-widget-container\">\n\t\t\t\t\t        <div class=\"number-icon-box\">\n            <div class=\"number\">\n                                    <span class=\"icon-box-number-icon-box\">05<\/span>\n                            <\/div>\n        <\/div>\n        <div class=\"elementor-icon-box-wrapper\">\n\n                <div class=\"elementor-icon-box-content\">\n        <div class=\"title-content\">\n        <h3 class=\"elementor-icon-box-title\">\n        <span  >\n        Revisi\u00f3n final        <\/span>\n        <\/h3>\n                    <p class=\"elementor-icon-box-description\">\n                Revisamos la disposici\u00f3n, el personal y los horarios. Luego rel\u00e1jate \u2013 nosotros nos encargamos del resto, desde el personal profesional hasta el alquiler de equipo y la limpieza.             <\/p>\n                <\/div>\n        <\/div>\n        <\/div>\n        \t\t\t\t<\/div>\n\t\t\t\t<\/div>\n\t\t\t\t<\/div>\n\t\t\t\t<\/div>\n\t\t\t\t\t<\/div>\n\t\t\t\t<\/div>\n\t\t\t\t<div class=\"elementor-element elementor-element-439c1fc elementor-absolute elementor-hidden-mobile elementor-widget elementor-widget-image\" data-id=\"439c1fc\" data-element_type=\"widget\" data-e-type=\"widget\" data-settings=\"{&quot;_position&quot;:&quot;absolute&quot;}\" data-widget_type=\"image.default\">\n\t\t\t\t\t\t\t\t\t\t\t\t\t\t\t<img fetchpriority=\"high\" decoding=\"async\" width=\"420\" height=\"334\" src=\"https:\/\/inticatering.nl\/wp-content\/uploads\/2023\/10\/img-contact-vegetable-min.png\" class=\"attachment-full size-full wp-image-4812\" alt=\"\" srcset=\"https:\/\/inticatering.nl\/wp-content\/uploads\/2023\/10\/img-contact-vegetable-min.png 420w, https:\/\/inticatering.nl\/wp-content\/uploads\/2023\/10\/img-contact-vegetable-min-300x239.png 300w\" sizes=\"(max-width: 420px) 100vw, 420px\" \/>\t\t\t\t\t\t\t\t\t\t\t\t\t\t\t<\/div>\n\t\t\t\t\t<\/div>\n\t\t\t\t<\/div>\n\t\t<div class=\"elementor-element elementor-element-9a4d28d e-con-full e-flex e-con e-parent\" data-id=\"9a4d28d\" data-element_type=\"container\" data-e-type=\"container\" data-settings=\"{&quot;background_background&quot;:&quot;video&quot;}\">\n\t\t<div class=\"elementor-element elementor-element-c6e0f33 e-con-full e-flex e-con e-child\" data-id=\"c6e0f33\" data-element_type=\"container\" data-e-type=\"container\">\n\t\t<div class=\"elementor-element elementor-element-9e09038 e-con-full overflow-hidden e-flex e-con e-child\" data-id=\"9e09038\" data-element_type=\"container\" data-e-type=\"container\" data-settings=\"{&quot;background_background&quot;:&quot;classic&quot;}\">\n\t\t\t\t<div class=\"elementor-element elementor-element-4b53022 elementor-align-center subtitle-position-above elementor-widget elementor-widget-heading\" data-id=\"4b53022\" data-element_type=\"widget\" data-e-type=\"widget\" data-widget_type=\"heading.default\">\n\t\t\t\t<div class=\"elementor-widget-container\">\n\t\t\t\t\t<div class=\"elementor-heading-wrapper-inner\"><h2 class=\"elementor-heading-title elementor-size-xl\">Corporativo<\/h2><\/div>\t\t\t\t<\/div>\n\t\t\t\t<\/div>\n\t\t\t\t<div class=\"elementor-element elementor-element-a40a24e elementor-widget elementor-widget-image\" data-id=\"a40a24e\" data-element_type=\"widget\" data-e-type=\"widget\" data-widget_type=\"image.default\">\n\t\t\t\t\t\t\t\t\t\t\t\t\t\t\t<img decoding=\"async\" width=\"460\" height=\"580\" src=\"https:\/\/inticatering.nl\/wp-content\/uploads\/2026\/04\/init_catering_service_corporate-460x580.webp\" class=\"attachment-catera-service-grid size-catera-service-grid wp-image-4809\" alt=\"\" \/>\t\t\t\t\t\t\t\t\t\t\t\t\t\t\t<\/div>\n\t\t\t\t<div class=\"elementor-element elementor-element-92dc54f elementor-button-link elementor-align-center elementor-widget elementor-widget-button\" data-id=\"92dc54f\" data-element_type=\"widget\" data-e-type=\"widget\" data-widget_type=\"button.default\">\n\t\t\t\t\t\t\t\t\t\t<a class=\"elementor-button elementor-button-link elementor-size-sm\" href=\"https:\/\/inticatering.nl\/service\/corporate\/\">\n\t\t\t\t\t\t<span class=\"elementor-button-content-wrapper\">\n\t\t\t\t\t\t<span class=\"elementor-button-icon\">\n\t\t\t\t<i aria-hidden=\"true\" class=\"catera-icon- catera-icon-arrow-right-1\"><\/i>\t\t\t<\/span>\n\t\t\t\t\t\t\t\t\t<span class=\"elementor-button-text\">M\u00e1s informaci\u00f3n<\/span>\n\t\t\t\t\t<\/span>\n\t\t\t\t\t<\/a>\n\t\t\t\t\t\t\t\t<\/div>\n\t\t\t\t<\/div>\n\t\t                <div class=\"custom-elementor-parallax\" data-id=\"9e09038\" data-settings=\"{&quot;type&quot;:&quot;scroll&quot;,&quot;speed&quot;:&quot;1.1&quot;,&quot;keepImg&quot;:&quot;true&quot;,&quot;imgSize&quot;:&quot;cover&quot;,&quot;imgPosition&quot;:&quot;50% 0%&quot;,&quot;noAndroid&quot;:&quot;false&quot;,&quot;noIos&quot;:&quot;false&quot;}\"><\/div>\n            <div class=\"elementor-element elementor-element-3573fe0 e-con-full overflow-hidden e-flex e-con e-child\" data-id=\"3573fe0\" data-element_type=\"container\" data-e-type=\"container\" data-settings=\"{&quot;background_background&quot;:&quot;classic&quot;}\">\n\t\t\t\t<div class=\"elementor-element elementor-element-7d895fb elementor-align-center subtitle-position-above elementor-widget elementor-widget-heading\" data-id=\"7d895fb\" data-element_type=\"widget\" data-e-type=\"widget\" data-widget_type=\"heading.default\">\n\t\t\t\t<div class=\"elementor-widget-container\">\n\t\t\t\t\t<div class=\"elementor-heading-wrapper-inner\"><h2 class=\"elementor-heading-title elementor-size-xl\">Bodas<\/h2><\/div>\t\t\t\t<\/div>\n\t\t\t\t<\/div>\n\t\t\t\t<div class=\"elementor-element elementor-element-9e11a9a elementor-widget elementor-widget-image\" data-id=\"9e11a9a\" data-element_type=\"widget\" data-e-type=\"widget\" data-widget_type=\"image.default\">\n\t\t\t\t\t\t\t\t\t\t\t\t\t\t\t<img decoding=\"async\" width=\"460\" height=\"580\" src=\"https:\/\/inticatering.nl\/wp-content\/uploads\/2023\/10\/service-wedding-2-460x580.jpg\" class=\"attachment-catera-service-grid size-catera-service-grid wp-image-4810\" alt=\"\" \/>\t\t\t\t\t\t\t\t\t\t\t\t\t\t\t<\/div>\n\t\t\t\t<div class=\"elementor-element elementor-element-bcd504b elementor-button-link elementor-align-center elementor-widget elementor-widget-button\" data-id=\"bcd504b\" data-element_type=\"widget\" data-e-type=\"widget\" data-widget_type=\"button.default\">\n\t\t\t\t\t\t\t\t\t\t<a class=\"elementor-button elementor-button-link elementor-size-sm\" href=\"https:\/\/inticatering.nl\/service\/weddings\/\">\n\t\t\t\t\t\t<span class=\"elementor-button-content-wrapper\">\n\t\t\t\t\t\t<span class=\"elementor-button-icon\">\n\t\t\t\t<i aria-hidden=\"true\" class=\"catera-icon- catera-icon-arrow-right-1\"><\/i>\t\t\t<\/span>\n\t\t\t\t\t\t\t\t\t<span class=\"elementor-button-text\">M\u00e1s informaci\u00f3n<\/span>\n\t\t\t\t\t<\/span>\n\t\t\t\t\t<\/a>\n\t\t\t\t\t\t\t\t<\/div>\n\t\t\t\t<\/div>\n\t\t                <div class=\"custom-elementor-parallax\" data-id=\"3573fe0\" data-settings=\"{&quot;type&quot;:&quot;scroll&quot;,&quot;speed&quot;:&quot;1.1&quot;,&quot;keepImg&quot;:&quot;true&quot;,&quot;imgSize&quot;:&quot;cover&quot;,&quot;imgPosition&quot;:&quot;50% 0%&quot;,&quot;noAndroid&quot;:&quot;false&quot;,&quot;noIos&quot;:&quot;false&quot;}\"><\/div>\n            \t\t<\/div>\n\t\t<div class=\"elementor-element elementor-element-1ae3a47 e-con-full e-flex e-con e-child\" data-id=\"1ae3a47\" data-element_type=\"container\" data-e-type=\"container\">\n\t\t<div class=\"elementor-element elementor-element-db6928f e-con-full overflow-hidden e-flex e-con e-child\" data-id=\"db6928f\" data-element_type=\"container\" data-e-type=\"container\" data-settings=\"{&quot;background_background&quot;:&quot;classic&quot;}\">\n\t\t\t\t<div class=\"elementor-element elementor-element-dad0143 elementor-align-center subtitle-position-above elementor-widget elementor-widget-heading\" data-id=\"dad0143\" data-element_type=\"widget\" data-e-type=\"widget\" data-widget_type=\"heading.default\">\n\t\t\t\t<div class=\"elementor-widget-container\">\n\t\t\t\t\t<div class=\"elementor-heading-wrapper-inner\"><h2 class=\"elementor-heading-title elementor-size-xl\">Eventos sociales<\/h2><\/div>\t\t\t\t<\/div>\n\t\t\t\t<\/div>\n\t\t\t\t<div class=\"elementor-element elementor-element-26e9944 elementor-widget elementor-widget-image\" data-id=\"26e9944\" data-element_type=\"widget\" data-e-type=\"widget\" data-widget_type=\"image.default\">\n\t\t\t\t\t\t\t\t\t\t\t\t\t\t\t<img loading=\"lazy\" decoding=\"async\" width=\"460\" height=\"580\" src=\"https:\/\/inticatering.nl\/wp-content\/uploads\/2026\/04\/init_catering_service_social-460x580.webp\" class=\"attachment-catera-service-grid size-catera-service-grid wp-image-4798\" alt=\"\" \/>\t\t\t\t\t\t\t\t\t\t\t\t\t\t\t<\/div>\n\t\t\t\t<div class=\"elementor-element elementor-element-37f1c79 elementor-button-link elementor-align-center elementor-widget elementor-widget-button\" data-id=\"37f1c79\" data-element_type=\"widget\" data-e-type=\"widget\" data-widget_type=\"button.default\">\n\t\t\t\t\t\t\t\t\t\t<a class=\"elementor-button elementor-button-link elementor-size-sm\" href=\"https:\/\/inticatering.nl\/service\/social-events\/\">\n\t\t\t\t\t\t<span class=\"elementor-button-content-wrapper\">\n\t\t\t\t\t\t<span class=\"elementor-button-icon\">\n\t\t\t\t<i aria-hidden=\"true\" class=\"catera-icon- catera-icon-arrow-right-1\"><\/i>\t\t\t<\/span>\n\t\t\t\t\t\t\t\t\t<span class=\"elementor-button-text\">M\u00e1s informaci\u00f3n<\/span>\n\t\t\t\t\t<\/span>\n\t\t\t\t\t<\/a>\n\t\t\t\t\t\t\t\t<\/div>\n\t\t\t\t<\/div>\n\t\t                <div class=\"custom-elementor-parallax\" data-id=\"db6928f\" data-settings=\"{&quot;type&quot;:&quot;scroll&quot;,&quot;speed&quot;:&quot;1.1&quot;,&quot;keepImg&quot;:&quot;true&quot;,&quot;imgSize&quot;:&quot;cover&quot;,&quot;imgPosition&quot;:&quot;50% 0%&quot;,&quot;noAndroid&quot;:&quot;true&quot;,&quot;noIos&quot;:&quot;true&quot;}\"><\/div>\n            <div class=\"elementor-element elementor-element-112ea40 e-con-full overflow-hidden e-flex e-con e-child\" data-id=\"112ea40\" data-element_type=\"container\" data-e-type=\"container\" data-settings=\"{&quot;background_background&quot;:&quot;classic&quot;}\">\n\t\t\t\t<div class=\"elementor-element elementor-element-c8339dd elementor-align-center subtitle-position-above elementor-widget elementor-widget-heading\" data-id=\"c8339dd\" data-element_type=\"widget\" data-e-type=\"widget\" data-widget_type=\"heading.default\">\n\t\t\t\t<div class=\"elementor-widget-container\">\n\t\t\t\t\t<div class=\"elementor-heading-wrapper-inner\"><h2 class=\"elementor-heading-title elementor-size-xl\">Fiestas<\/h2><\/div>\t\t\t\t<\/div>\n\t\t\t\t<\/div>\n\t\t\t\t<div class=\"elementor-element elementor-element-aaaaece elementor-widget elementor-widget-image\" data-id=\"aaaaece\" data-element_type=\"widget\" data-e-type=\"widget\" data-widget_type=\"image.default\">\n\t\t\t\t\t\t\t\t\t\t\t\t\t\t\t<img loading=\"lazy\" decoding=\"async\" width=\"460\" height=\"580\" src=\"https:\/\/inticatering.nl\/wp-content\/uploads\/2023\/10\/service-parties-2-460x580.jpg\" class=\"attachment-catera-service-grid size-catera-service-grid wp-image-4811\" alt=\"\" \/>\t\t\t\t\t\t\t\t\t\t\t\t\t\t\t<\/div>\n\t\t\t\t<div class=\"elementor-element elementor-element-46e35e4 elementor-button-link elementor-align-center elementor-widget elementor-widget-button\" data-id=\"46e35e4\" data-element_type=\"widget\" data-e-type=\"widget\" data-widget_type=\"button.default\">\n\t\t\t\t\t\t\t\t\t\t<a class=\"elementor-button elementor-button-link elementor-size-sm\" href=\"https:\/\/inticatering.nl\/service\/parties\/\">\n\t\t\t\t\t\t<span class=\"elementor-button-content-wrapper\">\n\t\t\t\t\t\t<span class=\"elementor-button-icon\">\n\t\t\t\t<i aria-hidden=\"true\" class=\"catera-icon- catera-icon-arrow-right-1\"><\/i>\t\t\t<\/span>\n\t\t\t\t\t\t\t\t\t<span class=\"elementor-button-text\">M\u00e1s informaci\u00f3n<\/span>\n\t\t\t\t\t<\/span>\n\t\t\t\t\t<\/a>\n\t\t\t\t\t\t\t\t<\/div>\n\t\t\t\t<\/div>\n\t\t                <div class=\"custom-elementor-parallax\" data-id=\"112ea40\" data-settings=\"{&quot;type&quot;:&quot;scroll&quot;,&quot;speed&quot;:&quot;1.1&quot;,&quot;keepImg&quot;:&quot;true&quot;,&quot;imgSize&quot;:&quot;cover&quot;,&quot;imgPosition&quot;:&quot;50% 0%&quot;,&quot;noAndroid&quot;:&quot;false&quot;,&quot;noIos&quot;:&quot;false&quot;}\"><\/div>\n            \t\t<\/div>\n\t\t\t\t<\/div>\n\t\t<div class=\"elementor-element elementor-element-085453b e-flex e-con-boxed e-con e-parent\" data-id=\"085453b\" data-element_type=\"container\" data-e-type=\"container\">\n\t\t\t\t\t<div class=\"e-con-inner\">\n\t\t\t\t<div class=\"elementor-element elementor-element-f2a9a4b elementor-widget-mobile_extra__width-initial elementor-widget-mobile__width-inherit elementor-widget elementor-widget-text-editor\" data-id=\"f2a9a4b\" data-element_type=\"widget\" data-e-type=\"widget\" data-widget_type=\"text-editor.default\">\n\t\t\t\t\t\t\t\t\t<p>Nos encantar\u00eda conocer tu evento. <span style=\"color: #09574a; font-weight: 600;\">+31 (0) 638566955<\/span> o cont\u00e1ctanos hoy<\/p>\t\t\t\t\t\t\t\t<\/div>\n\t\t\t\t<div class=\"elementor-element elementor-element-d122be5 elementor-align-center elementor-button-default elementor-widget elementor-widget-button\" data-id=\"d122be5\" data-element_type=\"widget\" data-e-type=\"widget\" data-widget_type=\"button.default\">\n\t\t\t\t\t\t\t\t\t\t<a class=\"elementor-button elementor-button-link elementor-size-xs\" href=\"https:\/\/inticatering.nl\/es\/contacto\/\">\n\t\t\t\t\t\t<span class=\"elementor-button-content-wrapper\">\n\t\t\t\t\t\t<span class=\"elementor-button-icon\">\n\t\t\t\t<i aria-hidden=\"true\" class=\"catera-icon- catera-icon-arrow-right-1\"><\/i>\t\t\t<\/span>\n\t\t\t\t\t\t\t\t\t<span class=\"elementor-button-text\">Solicitar presupuesto ahora<\/span>\n\t\t\t\t\t<\/span>\n\t\t\t\t\t<\/a>\n\t\t\t\t\t\t\t\t<\/div>\n\t\t\t\t\t<\/div>\n\t\t\t\t<\/div>\n\t\t\t\t<\/div>\n\t\t","protected":false},"excerpt":{"rendered":"<p>Authentic Peruvian full\u2011service catering for corporate events, weddings, and private parties. We bring bold flavors, elegant presentation, professional staff, and rental equipment. Vegetarian, vegan, and gluten\u2011free options always available. Simple, Personal, and Delicious our work process 01 Share Your Event Vision Tell us about your corporate gathering, wedding, or private party \u2013 date, guest count, [&hellip;]<\/p>\n","protected":false},"author":1,"featured_media":0,"parent":0,"menu_order":0,"comment_status":"closed","ping_status":"closed","template":"","meta":{"footnotes":""},"class_list":["post-4863","page","type-page","status-publish","hentry"],"_links":{"self":[{"href":"https:\/\/inticatering.nl\/es\/wp-json\/wp\/v2\/pages\/4863","targetHints":{"allow":["GET"]}}],"collection":[{"href":"https:\/\/inticatering.nl\/es\/wp-json\/wp\/v2\/pages"}],"about":[{"href":"https:\/\/inticatering.nl\/es\/wp-json\/wp\/v2\/types\/page"}],"author":[{"embeddable":true,"href":"https:\/\/inticatering.nl\/es\/wp-json\/wp\/v2\/users\/1"}],"replies":[{"embeddable":true,"href":"https:\/\/inticatering.nl\/es\/wp-json\/wp\/v2\/comments?post=4863"}],"version-history":[{"count":3,"href":"https:\/\/inticatering.nl\/es\/wp-json\/wp\/v2\/pages\/4863\/revisions"}],"predecessor-version":[{"id":4866,"href":"https:\/\/inticatering.nl\/es\/wp-json\/wp\/v2\/pages\/4863\/revisions\/4866"}],"wp:attachment":[{"href":"https:\/\/inticatering.nl\/es\/wp-json\/wp\/v2\/media?parent=4863"}],"curies":[{"name":"wp","href":"https:\/\/api.w.org\/{rel}","templated":true}]}}