{"id":4857,"date":"2023-10-05T02:02:39","date_gmt":"2023-10-05T02:02:39","guid":{"rendered":"https:\/\/inticatering.nl\/menu\/"},"modified":"2026-04-20T11:50:29","modified_gmt":"2026-04-20T11:50:29","slug":"menu","status":"publish","type":"page","link":"https:\/\/inticatering.nl\/es\/menu\/","title":{"rendered":"Men\u00fa"},"content":{"rendered":"\t\t<div data-elementor-type=\"wp-page\" data-elementor-id=\"4857\" class=\"elementor elementor-4857 elementor-25\" data-elementor-post-type=\"page\">\n\t\t\t\t<div class=\"elementor-element elementor-element-037b169 e-flex e-con-boxed e-con e-parent\" data-id=\"037b169\" data-element_type=\"container\" data-e-type=\"container\" data-settings=\"{&quot;background_background&quot;:&quot;classic&quot;}\">\n\t\t\t\t\t<div class=\"e-con-inner\">\n\t\t\t\t<div class=\"elementor-element elementor-element-63fb97b elementor-widget__width-initial elementor-widget elementor-widget-text-editor\" data-id=\"63fb97b\" data-element_type=\"widget\" data-e-type=\"widget\" data-widget_type=\"text-editor.default\">\n\t\t\t\t\t\t\t\t\tExplora los men\u00fas de muestra a continuaci\u00f3n. Estamos encantados de personalizar un men\u00fa para tu evento y ofrecemos opciones de men\u00fa para personas con restricciones diet\u00e9ticas o preferencias especiales. \t\t\t\t\t\t\t\t<\/div>\n\t\t\t\t<div class=\"elementor-element elementor-element-b063cc4 elementor-absolute elementor-widget elementor-widget-image\" data-id=\"b063cc4\" data-element_type=\"widget\" data-e-type=\"widget\" data-settings=\"{&quot;_position&quot;:&quot;absolute&quot;}\" data-widget_type=\"image.default\">\n\t\t\t\t\t\t\t\t\t\t\t\t\t\t\t<img decoding=\"async\" src=\"https:\/\/inticatering.nl\/wp-content\/uploads\/2023\/10\/h2-catering01.png\" title=\"\" alt=\"\" loading=\"lazy\" \/>\t\t\t\t\t\t\t\t\t\t\t\t\t\t\t<\/div>\n\t\t\t\t<div class=\"elementor-element elementor-element-c8fae51 elementor-absolute elementor-widget elementor-widget-image\" data-id=\"c8fae51\" data-element_type=\"widget\" data-e-type=\"widget\" data-settings=\"{&quot;_position&quot;:&quot;absolute&quot;}\" data-widget_type=\"image.default\">\n\t\t\t\t\t\t\t\t\t\t\t\t\t\t\t<img fetchpriority=\"high\" decoding=\"async\" width=\"482\" height=\"482\" src=\"https:\/\/inticatering.nl\/wp-content\/uploads\/2023\/10\/h1-cter02.png\" class=\"attachment-full size-full wp-image-4856\" alt=\"\" srcset=\"https:\/\/inticatering.nl\/wp-content\/uploads\/2023\/10\/h1-cter02.png 482w, https:\/\/inticatering.nl\/wp-content\/uploads\/2023\/10\/h1-cter02-300x300.png 300w, https:\/\/inticatering.nl\/wp-content\/uploads\/2023\/10\/h1-cter02-150x150.png 150w\" sizes=\"(max-width: 482px) 100vw, 482px\" \/>\t\t\t\t\t\t\t\t\t\t\t\t\t\t\t<\/div>\n\t\t\t\t<div class=\"elementor-element elementor-element-6867069 elementor-absolute elementor-widget elementor-widget-image\" data-id=\"6867069\" data-element_type=\"widget\" data-e-type=\"widget\" data-settings=\"{&quot;_position&quot;:&quot;absolute&quot;}\" data-widget_type=\"image.default\">\n\t\t\t\t\t\t\t\t\t\t\t\t\t\t\t<img decoding=\"async\" src=\"https:\/\/inticatering.nl\/wp-content\/uploads\/2023\/10\/h3-london03.png\" title=\"\" alt=\"\" loading=\"lazy\" \/>\t\t\t\t\t\t\t\t\t\t\t\t\t\t\t<\/div>\n\t\t\t\t\t<\/div>\n\t\t\t\t<\/div>\n\t\t\t\t<\/div>\n\t\t","protected":false},"excerpt":{"rendered":"<p>Explora los men\u00fas de muestra a continuaci\u00f3n. Estamos encantados de personalizar un men\u00fa para tu evento y ofrecemos opciones de men\u00fa para personas con restricciones diet\u00e9ticas o preferencias especiales. Inti&#8217;s Catering Menu red more Peruvian BBQ red more Social Event red more Party red more Corporate red more Wedding red more<\/p>\n","protected":false},"author":1,"featured_media":0,"parent":0,"menu_order":0,"comment_status":"closed","ping_status":"closed","template":"","meta":{"footnotes":""},"class_list":["post-4857","page","type-page","status-publish","hentry"],"_links":{"self":[{"href":"https:\/\/inticatering.nl\/es\/wp-json\/wp\/v2\/pages\/4857","targetHints":{"allow":["GET"]}}],"collection":[{"href":"https:\/\/inticatering.nl\/es\/wp-json\/wp\/v2\/pages"}],"about":[{"href":"https:\/\/inticatering.nl\/es\/wp-json\/wp\/v2\/types\/page"}],"author":[{"embeddable":true,"href":"https:\/\/inticatering.nl\/es\/wp-json\/wp\/v2\/users\/1"}],"replies":[{"embeddable":true,"href":"https:\/\/inticatering.nl\/es\/wp-json\/wp\/v2\/comments?post=4857"}],"version-history":[{"count":2,"href":"https:\/\/inticatering.nl\/es\/wp-json\/wp\/v2\/pages\/4857\/revisions"}],"predecessor-version":[{"id":4859,"href":"https:\/\/inticatering.nl\/es\/wp-json\/wp\/v2\/pages\/4857\/revisions\/4859"}],"wp:attachment":[{"href":"https:\/\/inticatering.nl\/es\/wp-json\/wp\/v2\/media?parent=4857"}],"curies":[{"name":"wp","href":"https:\/\/api.w.org\/{rel}","templated":true}]}}